{"id":7603,"date":"2025-12-23T05:02:13","date_gmt":"2025-12-23T10:02:13","guid":{"rendered":"https:\/\/portagecyber26.wpenginepowered.com\/telechargements\/"},"modified":"2026-02-17T16:18:08","modified_gmt":"2026-02-17T21:18:08","slug":"telechargements","status":"publish","type":"page","link":"https:\/\/www.portagecybertech.com\/fr\/ressources\/telechargement\/","title":{"rendered":"T\u00e9l\u00e9chargements"},"content":{"rendered":"","protected":false},"excerpt":{"rendered":"","protected":false},"author":1,"featured_media":0,"parent":0,"menu_order":2,"comment_status":"closed","ping_status":"closed","template":"","meta":{"_acf_changed":false,"slim_seo":{"title":"Centre de T\u00e9l\u00e9chargements","description":"T\u00e9l\u00e9chargez les logiciels requis pour l'utilisation de votre signature num\u00e9rique ou pour de l'assistance."},"footnotes":""},"class_list":["post-7603","page","type-page","status-publish","hentry"],"acf":[],"_links":{"self":[{"href":"https:\/\/www.portagecybertech.com\/fr\/wp-json\/wp\/v2\/pages\/7603","targetHints":{"allow":["GET"]}}],"collection":[{"href":"https:\/\/www.portagecybertech.com\/fr\/wp-json\/wp\/v2\/pages"}],"about":[{"href":"https:\/\/www.portagecybertech.com\/fr\/wp-json\/wp\/v2\/types\/page"}],"author":[{"embeddable":true,"href":"https:\/\/www.portagecybertech.com\/fr\/wp-json\/wp\/v2\/users\/1"}],"replies":[{"embeddable":true,"href":"https:\/\/www.portagecybertech.com\/fr\/wp-json\/wp\/v2\/comments?post=7603"}],"version-history":[{"count":0,"href":"https:\/\/www.portagecybertech.com\/fr\/wp-json\/wp\/v2\/pages\/7603\/revisions"}],"wp:attachment":[{"href":"https:\/\/www.portagecybertech.com\/fr\/wp-json\/wp\/v2\/media?parent=7603"}],"curies":[{"name":"wp","href":"https:\/\/api.w.org\/{rel}","templated":true}]}}